{"id":2,"date":"2012-07-13T20:34:59","date_gmt":"2012-07-13T20:34:59","guid":{"rendered":"http:\/\/www.janniks-welt.de\/?page_id=2"},"modified":"2021-10-14T16:50:01","modified_gmt":"2021-10-14T14:50:01","slug":"beispiel-seite","status":"publish","type":"page","link":"http:\/\/www.jannifersum.de\/?page_id=2","title":{"rendered":"\u00dcber JanniFersum"},"content":{"rendered":"<p>Auf dieser Seite schreiben Mama und Papa \u00fcber unser Leben. Manchmal greifen wir selber zu &#8222;Feder und Papier&#8220; und berichten \u00fcber Neuigkeiten \ud83d\ude42<\/p>\n<p>Die meisten Artikel sind privater Natur und nur f\u00fcr angemeldete Nutzer sichtbar. Wenn Du der Meinung bist ein solcher Nutzer sein zu wollen, dann registriere Dich einfach oder wende Dich bitte an Mama und Papa. Wir selber wissen noch nicht wie wir das einstellen k\u00f6nnen.<\/p>\n<p>Momentan lassen sich Mama und Papa zudem viel zu h\u00e4ufig von uns ablenken, so dass noch nicht alle Artikel fertig sind. Aber wir sind uns sicher, dass sie sich die Zeit bald besser einteilen werden \ud83d\ude09<\/p>\n<p>Au\u00dferdem werden die Seiten www.janniks-welt.de und www.finns-welt.de hierher umgeleitet.<\/p>\n","protected":false},"excerpt":{"rendered":"<p>Auf dieser Seite schreiben Mama und Papa \u00fcber unser Leben. Manchmal greifen wir selber zu &#8222;Feder und Papier&#8220; und berichten \u00fcber Neuigkeiten \ud83d\ude42 Die meisten Artikel sind privater Natur und nur f\u00fcr angemeldete Nutzer sichtbar. Wenn Du der Meinung bist &hellip; <a href=\"http:\/\/www.jannifersum.de\/?page_id=2\">Weiterlesen <span class=\"meta-nav\">&rarr;<\/span><\/a><\/p>\n","protected":false},"author":4,"featured_media":0,"parent":0,"menu_order":0,"comment_status":"closed","ping_status":"open","template":"onecolumn-page.php","meta":[],"_links":{"self":[{"href":"http:\/\/www.jannifersum.de\/index.php?rest_route=\/wp\/v2\/pages\/2"}],"collection":[{"href":"http:\/\/www.jannifersum.de\/index.php?rest_route=\/wp\/v2\/pages"}],"about":[{"href":"http:\/\/www.jannifersum.de\/index.php?rest_route=\/wp\/v2\/types\/page"}],"author":[{"embeddable":true,"href":"http:\/\/www.jannifersum.de\/index.php?rest_route=\/wp\/v2\/users\/4"}],"replies":[{"embeddable":true,"href":"http:\/\/www.jannifersum.de\/index.php?rest_route=%2Fwp%2Fv2%2Fcomments&post=2"}],"version-history":[{"count":9,"href":"http:\/\/www.jannifersum.de\/index.php?rest_route=\/wp\/v2\/pages\/2\/revisions"}],"predecessor-version":[{"id":13180,"href":"http:\/\/www.jannifersum.de\/index.php?rest_route=\/wp\/v2\/pages\/2\/revisions\/13180"}],"wp:attachment":[{"href":"http:\/\/www.jannifersum.de\/index.php?rest_route=%2Fwp%2Fv2%2Fmedia&parent=2"}],"curies":[{"name":"wp","href":"https:\/\/api.w.org\/{rel}","templated":true}]}}